{"id":70,"date":"2012-07-26T06:00:30","date_gmt":"2012-07-26T06:00:30","guid":{"rendered":"http:\/\/tattoo-service-web.de\/?page_id=70"},"modified":"2012-07-26T06:00:30","modified_gmt":"2012-07-26T06:00:30","slug":"termine-2","status":"publish","type":"page","link":"http:\/\/tattoo-service-web.de\/?page_id=70","title":{"rendered":"Termine"},"content":{"rendered":"<p>Bei einer T\u00e4towierung handelt es sich um etwas sehr pes\u00f6nliches und intimes. Darum werden Termine nur nach einem pers\u00f6nlichen Beratungsgespr\u00e4ch vergeben.<\/p>\n<p>Da es in letzter Zeit h\u00e4ufig zu Terminvers\u00e4umnissen ohne Absage kam, werden bei Terminvergabe 20% des vereinbarten Preises im Voraus gezahlt.<\/p>\n","protected":false},"excerpt":{"rendered":"<p>Bei einer T\u00e4towierung handelt es sich um etwas sehr pes\u00f6nliches und intimes. Darum werden Termine nur nach einem pers\u00f6nlichen Beratungsgespr\u00e4ch vergeben. Da es in letzter Zeit h\u00e4ufig zu Terminvers\u00e4umnissen ohne Absage kam, werden bei Terminvergabe 20% des vereinbarten Preises im &hellip; <a href=\"http:\/\/tattoo-service-web.de\/?page_id=70\">Continue reading <span class=\"meta-nav\">&rarr;<\/span><\/a><\/p>\n","protected":false},"author":1,"featured_media":0,"parent":0,"menu_order":0,"comment_status":"closed","ping_status":"open","template":"","meta":{"footnotes":""},"class_list":["post-70","page","type-page","status-publish","hentry"],"yoast_head":"<!-- This site is optimized with the Yoast SEO plugin v27.4 - https:\/\/yoast.com\/product\/yoast-seo-wordpress\/ -->\n<title>Termine - Tattooservice<\/title>\n<meta name=\"robots\" content=\"index, follow, max-snippet:-1, max-image-preview:large, max-video-preview:-1\" \/>\n<link rel=\"canonical\" href=\"http:\/\/tattoo-service-web.de\/?page_id=70\" \/>\n<meta property=\"og:locale\" content=\"en_US\" \/>\n<meta property=\"og:type\" content=\"article\" \/>\n<meta property=\"og:title\" content=\"Termine - Tattooservice\" \/>\n<meta property=\"og:description\" content=\"Bei einer T\u00e4towierung handelt es sich um etwas sehr pes\u00f6nliches und intimes. Darum werden Termine nur nach einem pers\u00f6nlichen Beratungsgespr\u00e4ch vergeben. Da es in letzter Zeit h\u00e4ufig zu Terminvers\u00e4umnissen ohne Absage kam, werden bei Terminvergabe 20% des vereinbarten Preises im &hellip; Continue reading &rarr;\" \/>\n<meta property=\"og:url\" content=\"http:\/\/tattoo-service-web.de\/?page_id=70\" \/>\n<meta property=\"og:site_name\" content=\"Tattooservice\" \/>\n<script type=\"application\/ld+json\" class=\"yoast-schema-graph\">{\"@context\":\"https:\\\/\\\/schema.org\",\"@graph\":[{\"@type\":\"WebPage\",\"@id\":\"http:\\\/\\\/tattoo-service-web.de\\\/?page_id=70\",\"url\":\"http:\\\/\\\/tattoo-service-web.de\\\/?page_id=70\",\"name\":\"Termine - Tattooservice\",\"isPartOf\":{\"@id\":\"http:\\\/\\\/tattoo-service-web.de\\\/#website\"},\"datePublished\":\"2012-07-26T06:00:30+00:00\",\"breadcrumb\":{\"@id\":\"http:\\\/\\\/tattoo-service-web.de\\\/?page_id=70#breadcrumb\"},\"inLanguage\":\"en-US\",\"potentialAction\":[{\"@type\":\"ReadAction\",\"target\":[\"http:\\\/\\\/tattoo-service-web.de\\\/?page_id=70\"]}]},{\"@type\":\"BreadcrumbList\",\"@id\":\"http:\\\/\\\/tattoo-service-web.de\\\/?page_id=70#breadcrumb\",\"itemListElement\":[{\"@type\":\"ListItem\",\"position\":1,\"name\":\"Home\",\"item\":\"http:\\\/\\\/tattoo-service-web.de\\\/\"},{\"@type\":\"ListItem\",\"position\":2,\"name\":\"Termine\"}]},{\"@type\":\"WebSite\",\"@id\":\"http:\\\/\\\/tattoo-service-web.de\\\/#website\",\"url\":\"http:\\\/\\\/tattoo-service-web.de\\\/\",\"name\":\"Tattooservice\",\"description\":\"\",\"potentialAction\":[{\"@type\":\"SearchAction\",\"target\":{\"@type\":\"EntryPoint\",\"urlTemplate\":\"http:\\\/\\\/tattoo-service-web.de\\\/?s={search_term_string}\"},\"query-input\":{\"@type\":\"PropertyValueSpecification\",\"valueRequired\":true,\"valueName\":\"search_term_string\"}}],\"inLanguage\":\"en-US\"}]}<\/script>\n<!-- \/ Yoast SEO plugin. -->","yoast_head_json":{"title":"Termine - Tattooservice","robots":{"index":"index","follow":"follow","max-snippet":"max-snippet:-1","max-image-preview":"max-image-preview:large","max-video-preview":"max-video-preview:-1"},"canonical":"http:\/\/tattoo-service-web.de\/?page_id=70","og_locale":"en_US","og_type":"article","og_title":"Termine - Tattooservice","og_description":"Bei einer T\u00e4towierung handelt es sich um etwas sehr pes\u00f6nliches und intimes. Darum werden Termine nur nach einem pers\u00f6nlichen Beratungsgespr\u00e4ch vergeben. Da es in letzter Zeit h\u00e4ufig zu Terminvers\u00e4umnissen ohne Absage kam, werden bei Terminvergabe 20% des vereinbarten Preises im &hellip; Continue reading &rarr;","og_url":"http:\/\/tattoo-service-web.de\/?page_id=70","og_site_name":"Tattooservice","schema":{"@context":"https:\/\/schema.org","@graph":[{"@type":"WebPage","@id":"http:\/\/tattoo-service-web.de\/?page_id=70","url":"http:\/\/tattoo-service-web.de\/?page_id=70","name":"Termine - Tattooservice","isPartOf":{"@id":"http:\/\/tattoo-service-web.de\/#website"},"datePublished":"2012-07-26T06:00:30+00:00","breadcrumb":{"@id":"http:\/\/tattoo-service-web.de\/?page_id=70#breadcrumb"},"inLanguage":"en-US","potentialAction":[{"@type":"ReadAction","target":["http:\/\/tattoo-service-web.de\/?page_id=70"]}]},{"@type":"BreadcrumbList","@id":"http:\/\/tattoo-service-web.de\/?page_id=70#breadcrumb","itemListElement":[{"@type":"ListItem","position":1,"name":"Home","item":"http:\/\/tattoo-service-web.de\/"},{"@type":"ListItem","position":2,"name":"Termine"}]},{"@type":"WebSite","@id":"http:\/\/tattoo-service-web.de\/#website","url":"http:\/\/tattoo-service-web.de\/","name":"Tattooservice","description":"","potentialAction":[{"@type":"SearchAction","target":{"@type":"EntryPoint","urlTemplate":"http:\/\/tattoo-service-web.de\/?s={search_term_string}"},"query-input":{"@type":"PropertyValueSpecification","valueRequired":true,"valueName":"search_term_string"}}],"inLanguage":"en-US"}]}},"_links":{"self":[{"href":"http:\/\/tattoo-service-web.de\/index.php?rest_route=\/wp\/v2\/pages\/70","targetHints":{"allow":["GET"]}}],"collection":[{"href":"http:\/\/tattoo-service-web.de\/index.php?rest_route=\/wp\/v2\/pages"}],"about":[{"href":"http:\/\/tattoo-service-web.de\/index.php?rest_route=\/wp\/v2\/types\/page"}],"author":[{"embeddable":true,"href":"http:\/\/tattoo-service-web.de\/index.php?rest_route=\/wp\/v2\/users\/1"}],"replies":[{"embeddable":true,"href":"http:\/\/tattoo-service-web.de\/index.php?rest_route=%2Fwp%2Fv2%2Fcomments&post=70"}],"version-history":[{"count":0,"href":"http:\/\/tattoo-service-web.de\/index.php?rest_route=\/wp\/v2\/pages\/70\/revisions"}],"wp:attachment":[{"href":"http:\/\/tattoo-service-web.de\/index.php?rest_route=%2Fwp%2Fv2%2Fmedia&parent=70"}],"curies":[{"name":"wp","href":"https:\/\/api.w.org\/{rel}","templated":true}]}}