{"id":57,"date":"2012-07-25T14:54:55","date_gmt":"2012-07-25T14:54:55","guid":{"rendered":"http:\/\/tattoo-service-web.de\/?page_id=57"},"modified":"2013-06-28T14:44:18","modified_gmt":"2013-06-28T14:44:18","slug":"hygiene-3","status":"publish","type":"page","link":"http:\/\/tattoo-service-web.de\/?page_id=57","title":{"rendered":"Hygiene"},"content":{"rendered":"<p>Bei Tattoos ist kaum etwas so wichtig wie die Hygiene. Wir arbeiten daher nicht nur nach den allgemeinen Vorschriften (Kosmetikverordnung), sondern achten dar\u00fcber hinaus auf besondere Sauberkeit.<\/p>\n<div>\n<p>Nat\u00fcrlich verwenden wir\u00a0 f\u00fcr jeden Kunden Einwegnadeln, die nach dem Gebrauch fachgerecht entsorgt werden. Das Tragen von Handschuhen ist f\u00fcr uns ebenso selbstverst\u00e4ndlich wie die Desinfektion der Hautstelle, welche von uns mit einem Tattoo versehen wird.<\/p>\n<p>Unser Studio wird jeden Tag mit medizinischen Mitteln gereinigt, um auch hier ein H\u00f6chstma\u00df an Hygiene gew\u00e4hrleisten zu k\u00f6nnen. Arbeitsfl\u00e4chen und St\u00fchle reinigen wir nach jedem Kunden.<\/p>\n<p>Au\u00dferdem wird das Studio regelm\u00e4\u00dfig von dem zust\u00e4ndigen Gesundheitsamt<br \/>\n\u00fcberpr\u00fcft. Dies tr\u00e4gt dazu bei, eventelle Fehler sofort auszuschalten.<br \/>\nHaben Sie Fragen zum Thema Hygiene? Dann nehmen Sie bitte <a title=\"Kontakt\" href=\"http:\/\/tattoo-service-web.de\/?page_id=66\">Kontakt<\/a> mit uns auf, wir geben jederzeit gerne Auskunft!<\/p>\n<\/div>\n","protected":false},"excerpt":{"rendered":"<p>Bei Tattoos ist kaum etwas so wichtig wie die Hygiene. Wir arbeiten daher nicht nur nach den allgemeinen Vorschriften (Kosmetikverordnung), sondern achten dar\u00fcber hinaus auf besondere Sauberkeit. Nat\u00fcrlich verwenden wir\u00a0 f\u00fcr jeden Kunden Einwegnadeln, die nach dem Gebrauch fachgerecht entsorgt &hellip; <a href=\"http:\/\/tattoo-service-web.de\/?page_id=57\">Continue reading <span class=\"meta-nav\">&rarr;<\/span><\/a><\/p>\n","protected":false},"author":1,"featured_media":0,"parent":0,"menu_order":0,"comment_status":"closed","ping_status":"open","template":"","meta":{"footnotes":""},"class_list":["post-57","page","type-page","status-publish","hentry"],"yoast_head":"<!-- This site is optimized with the Yoast SEO plugin v27.4 - https:\/\/yoast.com\/product\/yoast-seo-wordpress\/ -->\n<title>Hygiene - Tattooservice<\/title>\n<meta name=\"robots\" content=\"index, follow, max-snippet:-1, max-image-preview:large, max-video-preview:-1\" \/>\n<link rel=\"canonical\" href=\"http:\/\/tattoo-service-web.de\/?page_id=57\" \/>\n<meta property=\"og:locale\" content=\"en_US\" \/>\n<meta property=\"og:type\" content=\"article\" \/>\n<meta property=\"og:title\" content=\"Hygiene - Tattooservice\" \/>\n<meta property=\"og:description\" content=\"Bei Tattoos ist kaum etwas so wichtig wie die Hygiene. Wir arbeiten daher nicht nur nach den allgemeinen Vorschriften (Kosmetikverordnung), sondern achten dar\u00fcber hinaus auf besondere Sauberkeit. Nat\u00fcrlich verwenden wir\u00a0 f\u00fcr jeden Kunden Einwegnadeln, die nach dem Gebrauch fachgerecht entsorgt &hellip; Continue reading &rarr;\" \/>\n<meta property=\"og:url\" content=\"http:\/\/tattoo-service-web.de\/?page_id=57\" \/>\n<meta property=\"og:site_name\" content=\"Tattooservice\" \/>\n<meta property=\"article:modified_time\" content=\"2013-06-28T14:44:18+00:00\" \/>\n<meta name=\"twitter:label1\" content=\"Est. reading time\" \/>\n\t<meta name=\"twitter:data1\" content=\"1 minute\" \/>\n<script type=\"application\/ld+json\" class=\"yoast-schema-graph\">{\"@context\":\"https:\\\/\\\/schema.org\",\"@graph\":[{\"@type\":\"WebPage\",\"@id\":\"http:\\\/\\\/tattoo-service-web.de\\\/?page_id=57\",\"url\":\"http:\\\/\\\/tattoo-service-web.de\\\/?page_id=57\",\"name\":\"Hygiene - Tattooservice\",\"isPartOf\":{\"@id\":\"http:\\\/\\\/tattoo-service-web.de\\\/#website\"},\"datePublished\":\"2012-07-25T14:54:55+00:00\",\"dateModified\":\"2013-06-28T14:44:18+00:00\",\"breadcrumb\":{\"@id\":\"http:\\\/\\\/tattoo-service-web.de\\\/?page_id=57#breadcrumb\"},\"inLanguage\":\"en-US\",\"potentialAction\":[{\"@type\":\"ReadAction\",\"target\":[\"http:\\\/\\\/tattoo-service-web.de\\\/?page_id=57\"]}]},{\"@type\":\"BreadcrumbList\",\"@id\":\"http:\\\/\\\/tattoo-service-web.de\\\/?page_id=57#breadcrumb\",\"itemListElement\":[{\"@type\":\"ListItem\",\"position\":1,\"name\":\"Home\",\"item\":\"http:\\\/\\\/tattoo-service-web.de\\\/\"},{\"@type\":\"ListItem\",\"position\":2,\"name\":\"Hygiene\"}]},{\"@type\":\"WebSite\",\"@id\":\"http:\\\/\\\/tattoo-service-web.de\\\/#website\",\"url\":\"http:\\\/\\\/tattoo-service-web.de\\\/\",\"name\":\"Tattooservice\",\"description\":\"\",\"potentialAction\":[{\"@type\":\"SearchAction\",\"target\":{\"@type\":\"EntryPoint\",\"urlTemplate\":\"http:\\\/\\\/tattoo-service-web.de\\\/?s={search_term_string}\"},\"query-input\":{\"@type\":\"PropertyValueSpecification\",\"valueRequired\":true,\"valueName\":\"search_term_string\"}}],\"inLanguage\":\"en-US\"}]}<\/script>\n<!-- \/ Yoast SEO plugin. -->","yoast_head_json":{"title":"Hygiene - Tattooservice","robots":{"index":"index","follow":"follow","max-snippet":"max-snippet:-1","max-image-preview":"max-image-preview:large","max-video-preview":"max-video-preview:-1"},"canonical":"http:\/\/tattoo-service-web.de\/?page_id=57","og_locale":"en_US","og_type":"article","og_title":"Hygiene - Tattooservice","og_description":"Bei Tattoos ist kaum etwas so wichtig wie die Hygiene. Wir arbeiten daher nicht nur nach den allgemeinen Vorschriften (Kosmetikverordnung), sondern achten dar\u00fcber hinaus auf besondere Sauberkeit. Nat\u00fcrlich verwenden wir\u00a0 f\u00fcr jeden Kunden Einwegnadeln, die nach dem Gebrauch fachgerecht entsorgt &hellip; Continue reading &rarr;","og_url":"http:\/\/tattoo-service-web.de\/?page_id=57","og_site_name":"Tattooservice","article_modified_time":"2013-06-28T14:44:18+00:00","twitter_misc":{"Est. reading time":"1 minute"},"schema":{"@context":"https:\/\/schema.org","@graph":[{"@type":"WebPage","@id":"http:\/\/tattoo-service-web.de\/?page_id=57","url":"http:\/\/tattoo-service-web.de\/?page_id=57","name":"Hygiene - Tattooservice","isPartOf":{"@id":"http:\/\/tattoo-service-web.de\/#website"},"datePublished":"2012-07-25T14:54:55+00:00","dateModified":"2013-06-28T14:44:18+00:00","breadcrumb":{"@id":"http:\/\/tattoo-service-web.de\/?page_id=57#breadcrumb"},"inLanguage":"en-US","potentialAction":[{"@type":"ReadAction","target":["http:\/\/tattoo-service-web.de\/?page_id=57"]}]},{"@type":"BreadcrumbList","@id":"http:\/\/tattoo-service-web.de\/?page_id=57#breadcrumb","itemListElement":[{"@type":"ListItem","position":1,"name":"Home","item":"http:\/\/tattoo-service-web.de\/"},{"@type":"ListItem","position":2,"name":"Hygiene"}]},{"@type":"WebSite","@id":"http:\/\/tattoo-service-web.de\/#website","url":"http:\/\/tattoo-service-web.de\/","name":"Tattooservice","description":"","potentialAction":[{"@type":"SearchAction","target":{"@type":"EntryPoint","urlTemplate":"http:\/\/tattoo-service-web.de\/?s={search_term_string}"},"query-input":{"@type":"PropertyValueSpecification","valueRequired":true,"valueName":"search_term_string"}}],"inLanguage":"en-US"}]}},"_links":{"self":[{"href":"http:\/\/tattoo-service-web.de\/index.php?rest_route=\/wp\/v2\/pages\/57","targetHints":{"allow":["GET"]}}],"collection":[{"href":"http:\/\/tattoo-service-web.de\/index.php?rest_route=\/wp\/v2\/pages"}],"about":[{"href":"http:\/\/tattoo-service-web.de\/index.php?rest_route=\/wp\/v2\/types\/page"}],"author":[{"embeddable":true,"href":"http:\/\/tattoo-service-web.de\/index.php?rest_route=\/wp\/v2\/users\/1"}],"replies":[{"embeddable":true,"href":"http:\/\/tattoo-service-web.de\/index.php?rest_route=%2Fwp%2Fv2%2Fcomments&post=57"}],"version-history":[{"count":2,"href":"http:\/\/tattoo-service-web.de\/index.php?rest_route=\/wp\/v2\/pages\/57\/revisions"}],"predecessor-version":[{"id":270,"href":"http:\/\/tattoo-service-web.de\/index.php?rest_route=\/wp\/v2\/pages\/57\/revisions\/270"}],"wp:attachment":[{"href":"http:\/\/tattoo-service-web.de\/index.php?rest_route=%2Fwp%2Fv2%2Fmedia&parent=57"}],"curies":[{"name":"wp","href":"https:\/\/api.w.org\/{rel}","templated":true}]}}