{"id":187,"date":"2012-09-03T12:47:27","date_gmt":"2012-09-03T12:47:27","guid":{"rendered":"http:\/\/tattoo-service-web.de\/?page_id=187"},"modified":"2013-01-22T17:08:49","modified_gmt":"2013-01-22T17:08:49","slug":"piercing-preisliste","status":"publish","type":"page","link":"http:\/\/tattoo-service-web.de\/?page_id=187","title":{"rendered":"Piercing Preisliste"},"content":{"rendered":"<p>Nachfolgend befindet sich eine Aufstellung aller von uns durchgef\u00fchrten Piercings und deren Preise.<\/p>\n<p>Auf Beispielbilder wurde bewusst verzichtet, da Geschmack bekanntlich verschieden sein kann und wir auf eventuellen Unmut \u00fcber auf unserer Homepage ver\u00f6ffentlichte Bilder verzichten m\u00f6chten.<\/p>\n<p>&nbsp;<\/p>\n<address><span style=\"font-family: Times New Roman;\"><span style=\"color: #000000;\">Nase (Septum) <\/span><span style=\"color: #000000;\">35,-\u20ac<\/span><\/span><\/address>\n<address><span style=\"font-family: Times New Roman;\"><span style=\"color: #000000;\"><br \/>\n<\/span><\/span><\/address>\n<address><span style=\"font-family: Times New Roman;\"><span style=\"color: #000000;\">Nasenfl\u00fcgel <\/span><span style=\"color: #000000;\">35,- \u20ac<\/span><\/span><\/address>\n<address><span style=\"font-family: Times New Roman;\"><span style=\"color: #000000;\"><br \/>\n<\/span><\/span><\/address>\n<address><span style=\"font-family: Times New Roman;\"><span style=\"color: #000000;\">Nase(Bridge) <\/span><span style=\"color: #000000;\">35,- \u20ac<\/span><\/span><\/address>\n<address><span style=\"font-family: Times New Roman;\"><span style=\"color: #000000;\"><br \/>\n<\/span><\/span><\/address>\n<address><span style=\"font-family: Times New Roman;\"><span style=\"color: #000000;\">Zunge <\/span><span style=\"color: #000000;\">50,- \u20ac<\/span><\/span><\/address>\n<address><span style=\"font-family: Times New Roman;\"><span style=\"color: #000000;\"><br \/>\n<\/span><\/span><\/address>\n<address><span style=\"font-family: Times New Roman;\"><span style=\"color: #000000;\">Brust <\/span><span style=\"color: #000000;\">35,- \u20ac<\/span><\/span><\/address>\n<address><span style=\"font-family: Times New Roman;\"><span style=\"color: #000000;\"><br \/>\n<\/span><\/span><\/address>\n<address><span style=\"font-family: Times New Roman;\"><span style=\"color: #000000;\">Bauchnabel <\/span><span style=\"color: #000000;\">35,- \u20ac<\/span><\/span><\/address>\n<address><span style=\"font-family: Times New Roman;\"><span style=\"color: #000000;\"><br \/>\n<\/span><\/span><\/address>\n<address><span style=\"font-family: Times New Roman;\"><span style=\"color: #000000;\">Ohrl\u00e4ppchen\/Knorpel <\/span><span style=\"color: #000000;\">35,- \u20ac<\/span><\/span><\/address>\n<address><span style=\"font-family: Times New Roman;\"><span style=\"color: #000000;\"><br \/>\n<\/span><\/span><\/address>\n<address><span style=\"font-family: Times New Roman;\"><span style=\"color: #000000;\">Lippenb\u00e4ndchen <\/span><span style=\"color: #000000;\">35,- \u20ac<\/span><\/span><\/address>\n<address><span style=\"font-family: Times New Roman;\"><span style=\"color: #000000;\"><br \/>\n<\/span><\/span><\/address>\n<address><span style=\"font-family: Times New Roman;\"><span style=\"color: #000000;\">Lippe <\/span><span style=\"color: #000000;\">35,- \u20ac<\/span><\/span><\/address>\n<address><span style=\"font-family: Times New Roman;\"><span style=\"color: #000000;\"><br \/>\n<\/span><\/span><\/address>\n<address> <\/address>\n<address><span style=\"font-family: Times New Roman;\"><span style=\"color: #000000;\">Tragus 35,-\u20ac<\/span><\/span><\/address>\n<address><span style=\"font-family: Times New Roman;\"><span style=\"color: #000000;\"><br \/>\n<\/span><\/span><\/address>\n<address><span style=\"font-family: Times New Roman;\"><span style=\"color: #000000;\">Augenbraue <\/span><span style=\"color: #000000;\">35,- \u20ac<\/span><\/span><\/address>\n<address><span style=\"color: #000000;\"><br \/>\n<\/span><\/address>\n<address><span style=\"font-family: Times New Roman;\"><span style=\"color: #000000;\">Public <\/span><span style=\"color: #000000;\">50,- \u20ac<\/span><\/span><\/address>\n<address><span style=\"font-family: Times New Roman;\"><span style=\"color: #000000;\"><br \/>\n<\/span><\/span><\/address>\n<address><span style=\"font-family: Times New Roman;\"><span style=\"color: #000000;\">Ampallang <\/span><span style=\"color: #000000;\">70,- \u20ac<\/span><\/span><\/address>\n<address><span style=\"font-family: Times New Roman;\"><span style=\"color: #000000;\"><br \/>\n<\/span><\/span><\/address>\n<address><span style=\"font-family: Times New Roman;\"><span style=\"color: #000000;\">Prinz-Albert <\/span><span style=\"color: #000000;\">70,- \u20ac<\/span><\/span><\/address>\n<address><span style=\"font-family: Times New Roman;\"><span style=\"color: #000000;\"><br \/>\n<\/span><\/span><\/address>\n<address><span style=\"font-family: Times New Roman;\"><span style=\"color: #000000;\">Vorhaut <\/span><span style=\"color: #000000;\">70,- \u20ac<\/span><\/span><\/address>\n<address><span style=\"font-family: Times New Roman;\"><span style=\"color: #000000;\"><br \/>\n<\/span><\/span><\/address>\n<address><span style=\"font-family: Times New Roman;\"><span style=\"color: #000000;\">Dydoe (Eichel) <\/span><span style=\"color: #000000;\">70,- \u20ac<\/span><\/span><\/address>\n<address><span style=\"font-family: Times New Roman;\"><span style=\"color: #000000;\"><br \/>\n<\/span><\/span><\/address>\n<address><span style=\"font-family: Times New Roman;\"><span style=\"color: #000000;\">Hafada (Hodensack) <\/span><span style=\"color: #000000;\">70,- \u20ac<\/span><\/span><\/address>\n<address><span style=\"font-family: Times New Roman;\"><span style=\"color: #000000;\"><br \/>\n<\/span><\/span><\/address>\n<address><span style=\"font-family: Times New Roman;\"><span style=\"color: #000000;\">Klitorisvorhaut <\/span><span style=\"color: #000000;\">70,- \u20ac<\/span><\/span><\/address>\n<address><span style=\"font-family: Times New Roman;\"><span style=\"color: #000000;\"><br \/>\n<\/span><\/span><\/address>\n<address><span style=\"font-family: Times New Roman;\"><span style=\"color: #000000;\">Christina <\/span><span style=\"color: #000000;\">70,- \u20ac<\/span><\/span><\/address>\n<address><span style=\"font-family: Times New Roman;\"><span style=\"color: #000000;\"><br \/>\n<\/span><\/span><\/address>\n<address><span style=\"font-family: Times New Roman;\"><span style=\"color: #000000;\">Fourchette <\/span><span style=\"color: #000000;\">70,- \u20ac<\/span><\/span><\/address>\n<address><span style=\"font-family: Times New Roman;\"><span style=\"color: #000000;\"><br \/>\n<\/span><\/span><\/address>\n<address><span style=\"font-family: Times New Roman;\"><span style=\"color: #000000;\">Labia Majora <\/span><span style=\"color: #000000;\">150,- \u20ac<\/span><\/span><\/address>\n<address><span style=\"color: #000000;\"><span style=\"font-family: Times New Roman;\">(Drei Einzel-Piercings)<\/span><\/span><\/address>\n<address><span style=\"color: #000000;\"><span style=\"font-family: Times New Roman;\"><br \/>\n<\/span><\/span><\/address>\n<address><span style=\"font-family: Times New Roman;\"><span style=\"color: #000000;\">Labia Minora <\/span><span style=\"color: #000000;\">150,- \u20ac<\/span><\/span><\/address>\n<address><span style=\"color: #000000;\"><span style=\"font-family: Times New Roman;\">(Drei Einzel-Piercings)<\/span><\/span><\/address>\n<address><span style=\"color: #000000;\"><span style=\"font-family: Times New Roman;\"><br \/>\n<\/span><\/span><\/address>\n<address><span style=\"font-family: Times New Roman;\"><span style=\"color: #000000;\">Triangel <\/span><span style=\"color: #000000;\">70,- \u20ac<\/span><\/span><\/address>\n<address><span style=\"color: #000000; font-family: Times New Roman; font-size: small;\"> <\/span><\/address>\n<address><span style=\"color: #000000;\"><span style=\"font-family: Times New Roman;\">Inklusive Erstschmuck-Chirurgenstahl.<\/span><\/span><\/address>\n<p><span style=\"color: #000000; font-family: Times New Roman; font-size: small;\"> <\/span><\/p>\n","protected":false},"excerpt":{"rendered":"<p>Nachfolgend befindet sich eine Aufstellung aller von uns durchgef\u00fchrten Piercings und deren Preise. Auf Beispielbilder wurde bewusst verzichtet, da Geschmack bekanntlich verschieden sein kann und wir auf eventuellen Unmut \u00fcber auf unserer Homepage ver\u00f6ffentlichte Bilder verzichten m\u00f6chten. &nbsp; Nase (Septum) &hellip; <a href=\"http:\/\/tattoo-service-web.de\/?page_id=187\">Continue reading <span class=\"meta-nav\">&rarr;<\/span><\/a><\/p>\n","protected":false},"author":1,"featured_media":0,"parent":0,"menu_order":0,"comment_status":"closed","ping_status":"open","template":"","meta":{"footnotes":""},"class_list":["post-187","page","type-page","status-publish","hentry"],"yoast_head":"<!-- This site is optimized with the Yoast SEO plugin v27.4 - https:\/\/yoast.com\/product\/yoast-seo-wordpress\/ -->\n<title>Piercing Preisliste - Tattooservice<\/title>\n<meta name=\"description\" content=\"Preisliste f\u00fcr Piercings in unserem Haus\" \/>\n<meta name=\"robots\" content=\"index, follow, max-snippet:-1, max-image-preview:large, max-video-preview:-1\" \/>\n<link rel=\"canonical\" href=\"http:\/\/tattoo-service-web.de\/?page_id=187\" \/>\n<meta property=\"og:locale\" content=\"en_US\" \/>\n<meta property=\"og:type\" content=\"article\" \/>\n<meta property=\"og:title\" content=\"Piercing Preisliste - Tattooservice\" \/>\n<meta property=\"og:description\" content=\"Preisliste f\u00fcr Piercings in unserem Haus\" \/>\n<meta property=\"og:url\" content=\"http:\/\/tattoo-service-web.de\/?page_id=187\" \/>\n<meta property=\"og:site_name\" content=\"Tattooservice\" \/>\n<meta property=\"article:modified_time\" content=\"2013-01-22T17:08:49+00:00\" \/>\n<meta name=\"twitter:label1\" content=\"Est. reading time\" \/>\n\t<meta name=\"twitter:data1\" content=\"1 minute\" \/>\n<script type=\"application\/ld+json\" class=\"yoast-schema-graph\">{\"@context\":\"https:\\\/\\\/schema.org\",\"@graph\":[{\"@type\":\"WebPage\",\"@id\":\"http:\\\/\\\/tattoo-service-web.de\\\/?page_id=187\",\"url\":\"http:\\\/\\\/tattoo-service-web.de\\\/?page_id=187\",\"name\":\"Piercing Preisliste - Tattooservice\",\"isPartOf\":{\"@id\":\"http:\\\/\\\/tattoo-service-web.de\\\/#website\"},\"datePublished\":\"2012-09-03T12:47:27+00:00\",\"dateModified\":\"2013-01-22T17:08:49+00:00\",\"description\":\"Preisliste f\u00fcr Piercings in unserem Haus\",\"breadcrumb\":{\"@id\":\"http:\\\/\\\/tattoo-service-web.de\\\/?page_id=187#breadcrumb\"},\"inLanguage\":\"en-US\",\"potentialAction\":[{\"@type\":\"ReadAction\",\"target\":[\"http:\\\/\\\/tattoo-service-web.de\\\/?page_id=187\"]}]},{\"@type\":\"BreadcrumbList\",\"@id\":\"http:\\\/\\\/tattoo-service-web.de\\\/?page_id=187#breadcrumb\",\"itemListElement\":[{\"@type\":\"ListItem\",\"position\":1,\"name\":\"Home\",\"item\":\"http:\\\/\\\/tattoo-service-web.de\\\/\"},{\"@type\":\"ListItem\",\"position\":2,\"name\":\"Piercing Preisliste\"}]},{\"@type\":\"WebSite\",\"@id\":\"http:\\\/\\\/tattoo-service-web.de\\\/#website\",\"url\":\"http:\\\/\\\/tattoo-service-web.de\\\/\",\"name\":\"Tattooservice\",\"description\":\"\",\"potentialAction\":[{\"@type\":\"SearchAction\",\"target\":{\"@type\":\"EntryPoint\",\"urlTemplate\":\"http:\\\/\\\/tattoo-service-web.de\\\/?s={search_term_string}\"},\"query-input\":{\"@type\":\"PropertyValueSpecification\",\"valueRequired\":true,\"valueName\":\"search_term_string\"}}],\"inLanguage\":\"en-US\"}]}<\/script>\n<!-- \/ Yoast SEO plugin. -->","yoast_head_json":{"title":"Piercing Preisliste - Tattooservice","description":"Preisliste f\u00fcr Piercings in unserem Haus","robots":{"index":"index","follow":"follow","max-snippet":"max-snippet:-1","max-image-preview":"max-image-preview:large","max-video-preview":"max-video-preview:-1"},"canonical":"http:\/\/tattoo-service-web.de\/?page_id=187","og_locale":"en_US","og_type":"article","og_title":"Piercing Preisliste - Tattooservice","og_description":"Preisliste f\u00fcr Piercings in unserem Haus","og_url":"http:\/\/tattoo-service-web.de\/?page_id=187","og_site_name":"Tattooservice","article_modified_time":"2013-01-22T17:08:49+00:00","twitter_misc":{"Est. reading time":"1 minute"},"schema":{"@context":"https:\/\/schema.org","@graph":[{"@type":"WebPage","@id":"http:\/\/tattoo-service-web.de\/?page_id=187","url":"http:\/\/tattoo-service-web.de\/?page_id=187","name":"Piercing Preisliste - Tattooservice","isPartOf":{"@id":"http:\/\/tattoo-service-web.de\/#website"},"datePublished":"2012-09-03T12:47:27+00:00","dateModified":"2013-01-22T17:08:49+00:00","description":"Preisliste f\u00fcr Piercings in unserem Haus","breadcrumb":{"@id":"http:\/\/tattoo-service-web.de\/?page_id=187#breadcrumb"},"inLanguage":"en-US","potentialAction":[{"@type":"ReadAction","target":["http:\/\/tattoo-service-web.de\/?page_id=187"]}]},{"@type":"BreadcrumbList","@id":"http:\/\/tattoo-service-web.de\/?page_id=187#breadcrumb","itemListElement":[{"@type":"ListItem","position":1,"name":"Home","item":"http:\/\/tattoo-service-web.de\/"},{"@type":"ListItem","position":2,"name":"Piercing Preisliste"}]},{"@type":"WebSite","@id":"http:\/\/tattoo-service-web.de\/#website","url":"http:\/\/tattoo-service-web.de\/","name":"Tattooservice","description":"","potentialAction":[{"@type":"SearchAction","target":{"@type":"EntryPoint","urlTemplate":"http:\/\/tattoo-service-web.de\/?s={search_term_string}"},"query-input":{"@type":"PropertyValueSpecification","valueRequired":true,"valueName":"search_term_string"}}],"inLanguage":"en-US"}]}},"_links":{"self":[{"href":"http:\/\/tattoo-service-web.de\/index.php?rest_route=\/wp\/v2\/pages\/187","targetHints":{"allow":["GET"]}}],"collection":[{"href":"http:\/\/tattoo-service-web.de\/index.php?rest_route=\/wp\/v2\/pages"}],"about":[{"href":"http:\/\/tattoo-service-web.de\/index.php?rest_route=\/wp\/v2\/types\/page"}],"author":[{"embeddable":true,"href":"http:\/\/tattoo-service-web.de\/index.php?rest_route=\/wp\/v2\/users\/1"}],"replies":[{"embeddable":true,"href":"http:\/\/tattoo-service-web.de\/index.php?rest_route=%2Fwp%2Fv2%2Fcomments&post=187"}],"version-history":[{"count":8,"href":"http:\/\/tattoo-service-web.de\/index.php?rest_route=\/wp\/v2\/pages\/187\/revisions"}],"predecessor-version":[{"id":234,"href":"http:\/\/tattoo-service-web.de\/index.php?rest_route=\/wp\/v2\/pages\/187\/revisions\/234"}],"wp:attachment":[{"href":"http:\/\/tattoo-service-web.de\/index.php?rest_route=%2Fwp%2Fv2%2Fmedia&parent=187"}],"curies":[{"name":"wp","href":"https:\/\/api.w.org\/{rel}","templated":true}]}}